{"id":3207,"date":"2023-07-21T11:40:51","date_gmt":"2023-07-21T11:40:51","guid":{"rendered":"http:\/\/albergosole.it\/parallax-projects-2\/"},"modified":"2023-07-21T11:40:51","modified_gmt":"2023-07-21T11:40:51","slug":"parallax-projects-2","status":"publish","type":"page","link":"https:\/\/albergosole.it\/fr\/parallax-projects-2\/","title":{"rendered":"I Dintorni"},"content":{"rendered":"\t\t<div data-elementor-type=\"wp-page\" data-elementor-id=\"3207\" class=\"elementor elementor-3207 elementor-380\">\n\t\t\t\t<div class=\"elementor-element elementor-element-32482b20 e-con-full glcr-parallax-yes glcr-parallax-basic-yes e-flex e-con e-parent\" data-id=\"32482b20\" data-element_type=\"container\" data-settings=\"{&quot;background_background&quot;:&quot;classic&quot;,&quot;glcr_ext_is_sticky&quot;:&quot;false&quot;}\">\n\t\t\t\t<div class=\"elementor-element elementor-element-33a03229 glcr-title-orientation--horizontal glcr-title-align-left elementor-widget elementor-widget-glcr_title\" data-id=\"33a03229\" data-element_type=\"widget\" data-settings=\"{&quot;glcr_ext_is_infinite&quot;:&quot;false&quot;,&quot;glcr_ext_is_scrollme&quot;:&quot;false&quot;}\" data-widget_type=\"glcr_title.default\">\n\t\t\t\t<div class=\"elementor-widget-container\">\n\t\t\t\t\t<div class=\"glcr-title glcr-title-default\"><div class=\"glcr-title-subtitle\"><span>visitare<\/span><\/div><h2 class=\"glcr-title-heading\"><a href=\"#\">Pallanza<\/a><\/h2><div class=\"glcr-title-desc\">Pallanza \u00e8 una frazione del comune di Verbania nella provincia del Verbano-Cusio-Ossola. \u00c8 una delle anime della citt\u00e0, insieme a Intra e Suna<\/div><\/div>\t\t\t\t<\/div>\n\t\t\t\t<\/div>\n\t\t\t\t<div class=\"elementor-element elementor-element-6fe211fb elementor-view-stacked elementor-shape-circle elementor-widget elementor-widget-icon\" data-id=\"6fe211fb\" data-element_type=\"widget\" data-settings=\"{&quot;glcr_ext_is_infinite&quot;:&quot;false&quot;,&quot;glcr_ext_is_scrollme&quot;:&quot;false&quot;}\" data-widget_type=\"icon.default\">\n\t\t\t\t<div class=\"elementor-widget-container\">\n\t\t\t\t\t\t\t<div class=\"elementor-icon-wrapper\">\n\t\t\t<a class=\"elementor-icon elementor-animation-grow\" href=\"#\">\n\t\t\t<svg xmlns=\"http:\/\/www.w3.org\/2000\/svg\" xmlns:xlink=\"http:\/\/www.w3.org\/1999\/xlink\" xmlns:svgjs=\"http:\/\/svgjs.com\/svgjs\" width=\"512\" height=\"512\" x=\"0\" y=\"0\" viewBox=\"0 0 384 384\" style=\"enable-background:new 0 0 512 512\" xml:space=\"preserve\" class=\"\"><g><path d=\"M373.333 128H352a10.66 10.66 0 0 0-10.667 10.667v172.5L33.292 3.124A10.635 10.635 0 0 0 25.909.002a10.64 10.64 0 0 0-7.703 3.122L3.125 18.206a10.624 10.624 0 0 0-3.121 7.255 10.633 10.633 0 0 0 3.121 7.829l308.042 308.043h-172.5A10.66 10.66 0 0 0 128 352v21.333A10.66 10.66 0 0 0 138.667 384h234.667a10.66 10.66 0 0 0 10.667-10.667V138.667A10.662 10.662 0 0 0 373.333 128z\" fill=\"\" data-original=\"\" class=\"\"><\/path><\/g><\/svg>\t\t\t<\/a>\n\t\t<\/div>\n\t\t\t\t\t\t<\/div>\n\t\t\t\t<\/div>\n\t\t\t\t<\/div>\n\t\t            <div class=\"glcr-parallax-basic-wrap glcr-parallax-basic-wrap-32482b20\">\r\n                <div class=\"glcr-parallax-basic-inner\">\r\n                    <div class=\"glcr-parallax-basic-img-holder\">\r\n                                            <\/div>\r\n                <\/div>\r\n            <\/div>\r\n            \t\t\t\t<div class=\"glcr-parallax-wrapper glcr-parallax-wrap-32482b20\">\r\n\t\t\t\t\t\t\t\t\t\t\t<img class=\"glcr-parallax pos-abs elementor-repeater-item-177dcd4 glcr-plx-moveTop   \"\r\n\t\t\t\t\t\tdata-move=\"300\"\r\n\t\t\t\t\t\tdata-zoom=\"\"\r\n\t\t\t\t\t\tdata-rotate=\"\"\r\n\t\t\t\t\t\tsrc=\"http:\/\/albergosole.it\/wp-content\/uploads\/2023\/07\/number-1.png\"\r\n\t\t\t\t\t\talt=\"number-1\">\r\n\t\t\t\t\t\t\t\t\t<\/div>\r\n\t\t\t<div class=\"elementor-element elementor-element-df84f34 e-con-full glcr-parallax-yes glcr-parallax-basic-yes e-flex e-con e-parent\" data-id=\"df84f34\" data-element_type=\"container\" data-settings=\"{&quot;background_background&quot;:&quot;classic&quot;,&quot;glcr_ext_is_sticky&quot;:&quot;false&quot;}\">\n\t\t\t\t<div class=\"elementor-element elementor-element-8e9833c glcr-title-orientation--horizontal glcr-title-align-left elementor-widget elementor-widget-glcr_title\" data-id=\"8e9833c\" data-element_type=\"widget\" data-settings=\"{&quot;glcr_ext_is_infinite&quot;:&quot;false&quot;,&quot;glcr_ext_is_scrollme&quot;:&quot;false&quot;}\" data-widget_type=\"glcr_title.default\">\n\t\t\t\t<div class=\"elementor-widget-container\">\n\t\t\t\t\t<div class=\"glcr-title glcr-title-default\"><div class=\"glcr-title-subtitle\"><span>esplorare<\/span><\/div><h2 class=\"glcr-title-heading\"><a href=\"#\">Monte Zeda<\/a><\/h2><div class=\"glcr-title-desc\">Pallanza \u00e8 una frazione del comune di Verbania nella provincia del Verbano-Cusio-Ossola. \u00c8 una delle anime della citt\u00e0, insieme a Intra e Suna<\/div><\/div>\t\t\t\t<\/div>\n\t\t\t\t<\/div>\n\t\t\t\t<div class=\"elementor-element elementor-element-a8e397f elementor-view-stacked elementor-shape-circle elementor-widget elementor-widget-icon\" data-id=\"a8e397f\" data-element_type=\"widget\" data-settings=\"{&quot;glcr_ext_is_infinite&quot;:&quot;false&quot;,&quot;glcr_ext_is_scrollme&quot;:&quot;false&quot;}\" data-widget_type=\"icon.default\">\n\t\t\t\t<div class=\"elementor-widget-container\">\n\t\t\t\t\t\t\t<div class=\"elementor-icon-wrapper\">\n\t\t\t<a class=\"elementor-icon elementor-animation-grow\" href=\"#\">\n\t\t\t<svg xmlns=\"http:\/\/www.w3.org\/2000\/svg\" xmlns:xlink=\"http:\/\/www.w3.org\/1999\/xlink\" xmlns:svgjs=\"http:\/\/svgjs.com\/svgjs\" width=\"512\" height=\"512\" x=\"0\" y=\"0\" viewBox=\"0 0 384 384\" style=\"enable-background:new 0 0 512 512\" xml:space=\"preserve\" class=\"\"><g><path d=\"M373.333 128H352a10.66 10.66 0 0 0-10.667 10.667v172.5L33.292 3.124A10.635 10.635 0 0 0 25.909.002a10.64 10.64 0 0 0-7.703 3.122L3.125 18.206a10.624 10.624 0 0 0-3.121 7.255 10.633 10.633 0 0 0 3.121 7.829l308.042 308.043h-172.5A10.66 10.66 0 0 0 128 352v21.333A10.66 10.66 0 0 0 138.667 384h234.667a10.66 10.66 0 0 0 10.667-10.667V138.667A10.662 10.662 0 0 0 373.333 128z\" fill=\"\" data-original=\"\" class=\"\"><\/path><\/g><\/svg>\t\t\t<\/a>\n\t\t<\/div>\n\t\t\t\t\t\t<\/div>\n\t\t\t\t<\/div>\n\t\t\t\t<\/div>\n\t\t            <div class=\"glcr-parallax-basic-wrap glcr-parallax-basic-wrap-df84f34\">\r\n                <div class=\"glcr-parallax-basic-inner\">\r\n                    <div class=\"glcr-parallax-basic-img-holder\">\r\n                                            <\/div>\r\n                <\/div>\r\n            <\/div>\r\n            \t\t\t\t<div class=\"glcr-parallax-wrapper glcr-parallax-wrap-df84f34\">\r\n\t\t\t\t\t\t\t\t\t\t\t<img class=\"glcr-parallax pos-abs elementor-repeater-item-177dcd4 glcr-plx-moveTop   \"\r\n\t\t\t\t\t\tdata-move=\"300\"\r\n\t\t\t\t\t\tdata-zoom=\"\"\r\n\t\t\t\t\t\tdata-rotate=\"\"\r\n\t\t\t\t\t\tsrc=\"http:\/\/albergosole.it\/wp-content\/uploads\/2023\/07\/number-2.png\"\r\n\t\t\t\t\t\talt=\"number-2\">\r\n\t\t\t\t\t\t\t\t\t<\/div>\r\n\t\t\t<div class=\"elementor-element elementor-element-ab2f73a e-con-full glcr-parallax-yes glcr-parallax-basic-yes e-flex e-con e-parent\" data-id=\"ab2f73a\" data-element_type=\"container\" data-settings=\"{&quot;background_background&quot;:&quot;classic&quot;,&quot;glcr_ext_is_sticky&quot;:&quot;false&quot;}\">\n\t\t\t\t<div class=\"elementor-element elementor-element-3e7cd53 glcr-title-orientation--horizontal glcr-title-align-left elementor-widget elementor-widget-glcr_title\" data-id=\"3e7cd53\" data-element_type=\"widget\" data-settings=\"{&quot;glcr_ext_is_infinite&quot;:&quot;false&quot;,&quot;glcr_ext_is_scrollme&quot;:&quot;false&quot;}\" data-widget_type=\"glcr_title.default\">\n\t\t\t\t<div class=\"elementor-widget-container\">\n\t\t\t\t\t<div class=\"glcr-title glcr-title-default\"><div class=\"glcr-title-subtitle\"><span>esplorare<\/span><\/div><h2 class=\"glcr-title-heading\"><a href=\"#\">Castello di Cannero<\/a><\/h2><div class=\"glcr-title-desc\">Pallanza \u00e8 una frazione del comune di Verbania nella provincia del Verbano-Cusio-Ossola. \u00c8 una delle anime della citt\u00e0, insieme a Intra e Suna<\/div><\/div>\t\t\t\t<\/div>\n\t\t\t\t<\/div>\n\t\t\t\t<div class=\"elementor-element elementor-element-8c76503 elementor-view-stacked elementor-shape-circle elementor-widget elementor-widget-icon\" data-id=\"8c76503\" data-element_type=\"widget\" data-settings=\"{&quot;glcr_ext_is_infinite&quot;:&quot;false&quot;,&quot;glcr_ext_is_scrollme&quot;:&quot;false&quot;}\" data-widget_type=\"icon.default\">\n\t\t\t\t<div class=\"elementor-widget-container\">\n\t\t\t\t\t\t\t<div class=\"elementor-icon-wrapper\">\n\t\t\t<a class=\"elementor-icon elementor-animation-grow\" href=\"#\">\n\t\t\t<svg xmlns=\"http:\/\/www.w3.org\/2000\/svg\" xmlns:xlink=\"http:\/\/www.w3.org\/1999\/xlink\" xmlns:svgjs=\"http:\/\/svgjs.com\/svgjs\" width=\"512\" height=\"512\" x=\"0\" y=\"0\" viewBox=\"0 0 384 384\" style=\"enable-background:new 0 0 512 512\" xml:space=\"preserve\" class=\"\"><g><path d=\"M373.333 128H352a10.66 10.66 0 0 0-10.667 10.667v172.5L33.292 3.124A10.635 10.635 0 0 0 25.909.002a10.64 10.64 0 0 0-7.703 3.122L3.125 18.206a10.624 10.624 0 0 0-3.121 7.255 10.633 10.633 0 0 0 3.121 7.829l308.042 308.043h-172.5A10.66 10.66 0 0 0 128 352v21.333A10.66 10.66 0 0 0 138.667 384h234.667a10.66 10.66 0 0 0 10.667-10.667V138.667A10.662 10.662 0 0 0 373.333 128z\" fill=\"\" data-original=\"\" class=\"\"><\/path><\/g><\/svg>\t\t\t<\/a>\n\t\t<\/div>\n\t\t\t\t\t\t<\/div>\n\t\t\t\t<\/div>\n\t\t\t\t<\/div>\n\t\t            <div class=\"glcr-parallax-basic-wrap glcr-parallax-basic-wrap-ab2f73a\">\r\n                <div class=\"glcr-parallax-basic-inner\">\r\n                    <div class=\"glcr-parallax-basic-img-holder\">\r\n                                            <\/div>\r\n                <\/div>\r\n            <\/div>\r\n            \t\t\t\t<div class=\"glcr-parallax-wrapper glcr-parallax-wrap-ab2f73a\">\r\n\t\t\t\t\t\t\t\t\t\t\t<img class=\"glcr-parallax pos-abs elementor-repeater-item-177dcd4 glcr-plx-moveTop   \"\r\n\t\t\t\t\t\tdata-move=\"300\"\r\n\t\t\t\t\t\tdata-zoom=\"\"\r\n\t\t\t\t\t\tdata-rotate=\"\"\r\n\t\t\t\t\t\tsrc=\"http:\/\/albergosole.it\/wp-content\/uploads\/2023\/07\/number-2.png\"\r\n\t\t\t\t\t\talt=\"number-2\">\r\n\t\t\t\t\t\t\t\t\t<\/div>\r\n\t\t\t\t\t<\/div>\n\t\t","protected":false},"excerpt":{"rendered":"<p>visitare Pallanza Pallanza \u00e8 una frazione del comune di Verbania nella provincia del Verbano-Cusio-Ossola. \u00c8 una delle anime della citt\u00e0, insieme a Intra e Suna esplorare Monte Zeda Pallanza \u00e8 una frazione del comune di Verbania nella provincia del Verbano-Cusio-Ossola. \u00c8 una delle anime della citt\u00e0, insieme a Intra e [&hellip;]<\/p>\n","protected":false},"author":1,"featured_media":0,"parent":0,"menu_order":0,"comment_status":"closed","ping_status":"closed","template":"elementor_header_footer","meta":{"footnotes":""},"class_list":["post-3207","page","type-page","status-publish","hentry"],"yoast_head":"<!-- This site is optimized with the Yoast SEO plugin v26.6 - https:\/\/yoast.com\/wordpress\/plugins\/seo\/ -->\n<title>I Dintorni - Hotel Sole Cannero<\/title>\n<meta name=\"robots\" content=\"index, follow, max-snippet:-1, max-image-preview:large, max-video-preview:-1\" \/>\n<link rel=\"canonical\" href=\"https:\/\/albergosole.it\/fr\/parallax-projects-2\/\" \/>\n<meta property=\"og:locale\" content=\"fr_FR\" \/>\n<meta property=\"og:type\" content=\"article\" \/>\n<meta property=\"og:title\" content=\"I Dintorni - Hotel Sole Cannero\" \/>\n<meta property=\"og:description\" content=\"visitare Pallanza Pallanza \u00e8 una frazione del comune di Verbania nella provincia del Verbano-Cusio-Ossola. \u00c8 una delle anime della citt\u00e0, insieme a Intra e Suna esplorare Monte Zeda Pallanza \u00e8 una frazione del comune di Verbania nella provincia del Verbano-Cusio-Ossola. \u00c8 una delle anime della citt\u00e0, insieme a Intra e [&hellip;]\" \/>\n<meta property=\"og:url\" content=\"https:\/\/albergosole.it\/fr\/parallax-projects-2\/\" \/>\n<meta property=\"og:site_name\" content=\"Hotel Sole Cannero\" \/>\n<meta name=\"twitter:card\" content=\"summary_large_image\" \/>\n<script type=\"application\/ld+json\" class=\"yoast-schema-graph\">{\"@context\":\"https:\/\/schema.org\",\"@graph\":[{\"@type\":\"WebPage\",\"@id\":\"https:\/\/albergosole.it\/fr\/parallax-projects-2\/\",\"url\":\"https:\/\/albergosole.it\/fr\/parallax-projects-2\/\",\"name\":\"I Dintorni - Hotel Sole Cannero\",\"isPartOf\":{\"@id\":\"https:\/\/albergosole.it\/fr\/#website\"},\"datePublished\":\"2023-07-21T11:40:51+00:00\",\"breadcrumb\":{\"@id\":\"https:\/\/albergosole.it\/fr\/parallax-projects-2\/#breadcrumb\"},\"inLanguage\":\"fr-FR\",\"potentialAction\":[{\"@type\":\"ReadAction\",\"target\":[\"https:\/\/albergosole.it\/fr\/parallax-projects-2\/\"]}]},{\"@type\":\"BreadcrumbList\",\"@id\":\"https:\/\/albergosole.it\/fr\/parallax-projects-2\/#breadcrumb\",\"itemListElement\":[{\"@type\":\"ListItem\",\"position\":1,\"name\":\"Home\",\"item\":\"https:\/\/albergosole.it\/fr\/\"},{\"@type\":\"ListItem\",\"position\":2,\"name\":\"I Dintorni\"}]},{\"@type\":\"WebSite\",\"@id\":\"https:\/\/albergosole.it\/fr\/#website\",\"url\":\"https:\/\/albergosole.it\/fr\/\",\"name\":\"Hotel Sole Cannero\",\"description\":\"\",\"potentialAction\":[{\"@type\":\"SearchAction\",\"target\":{\"@type\":\"EntryPoint\",\"urlTemplate\":\"https:\/\/albergosole.it\/fr\/?s={search_term_string}\"},\"query-input\":{\"@type\":\"PropertyValueSpecification\",\"valueRequired\":true,\"valueName\":\"search_term_string\"}}],\"inLanguage\":\"fr-FR\"}]}<\/script>\n<!-- \/ Yoast SEO plugin. -->","yoast_head_json":{"title":"I Dintorni - Hotel Sole Cannero","robots":{"index":"index","follow":"follow","max-snippet":"max-snippet:-1","max-image-preview":"max-image-preview:large","max-video-preview":"max-video-preview:-1"},"canonical":"https:\/\/albergosole.it\/fr\/parallax-projects-2\/","og_locale":"fr_FR","og_type":"article","og_title":"I Dintorni - Hotel Sole Cannero","og_description":"visitare Pallanza Pallanza \u00e8 una frazione del comune di Verbania nella provincia del Verbano-Cusio-Ossola. \u00c8 una delle anime della citt\u00e0, insieme a Intra e Suna esplorare Monte Zeda Pallanza \u00e8 una frazione del comune di Verbania nella provincia del Verbano-Cusio-Ossola. \u00c8 una delle anime della citt\u00e0, insieme a Intra e [&hellip;]","og_url":"https:\/\/albergosole.it\/fr\/parallax-projects-2\/","og_site_name":"Hotel Sole Cannero","twitter_card":"summary_large_image","schema":{"@context":"https:\/\/schema.org","@graph":[{"@type":"WebPage","@id":"https:\/\/albergosole.it\/fr\/parallax-projects-2\/","url":"https:\/\/albergosole.it\/fr\/parallax-projects-2\/","name":"I Dintorni - Hotel Sole Cannero","isPartOf":{"@id":"https:\/\/albergosole.it\/fr\/#website"},"datePublished":"2023-07-21T11:40:51+00:00","breadcrumb":{"@id":"https:\/\/albergosole.it\/fr\/parallax-projects-2\/#breadcrumb"},"inLanguage":"fr-FR","potentialAction":[{"@type":"ReadAction","target":["https:\/\/albergosole.it\/fr\/parallax-projects-2\/"]}]},{"@type":"BreadcrumbList","@id":"https:\/\/albergosole.it\/fr\/parallax-projects-2\/#breadcrumb","itemListElement":[{"@type":"ListItem","position":1,"name":"Home","item":"https:\/\/albergosole.it\/fr\/"},{"@type":"ListItem","position":2,"name":"I Dintorni"}]},{"@type":"WebSite","@id":"https:\/\/albergosole.it\/fr\/#website","url":"https:\/\/albergosole.it\/fr\/","name":"Hotel Sole Cannero","description":"","potentialAction":[{"@type":"SearchAction","target":{"@type":"EntryPoint","urlTemplate":"https:\/\/albergosole.it\/fr\/?s={search_term_string}"},"query-input":{"@type":"PropertyValueSpecification","valueRequired":true,"valueName":"search_term_string"}}],"inLanguage":"fr-FR"}]}},"_links":{"self":[{"href":"https:\/\/albergosole.it\/fr\/wp-json\/wp\/v2\/pages\/3207","targetHints":{"allow":["GET"]}}],"collection":[{"href":"https:\/\/albergosole.it\/fr\/wp-json\/wp\/v2\/pages"}],"about":[{"href":"https:\/\/albergosole.it\/fr\/wp-json\/wp\/v2\/types\/page"}],"author":[{"embeddable":true,"href":"https:\/\/albergosole.it\/fr\/wp-json\/wp\/v2\/users\/1"}],"replies":[{"embeddable":true,"href":"https:\/\/albergosole.it\/fr\/wp-json\/wp\/v2\/comments?post=3207"}],"version-history":[{"count":0,"href":"https:\/\/albergosole.it\/fr\/wp-json\/wp\/v2\/pages\/3207\/revisions"}],"wp:attachment":[{"href":"https:\/\/albergosole.it\/fr\/wp-json\/wp\/v2\/media?parent=3207"}],"curies":[{"name":"wp","href":"https:\/\/api.w.org\/{rel}","templated":true}]}}